{"id":258,"date":"2020-05-17T09:42:35","date_gmt":"2020-05-17T07:42:35","guid":{"rendered":"http:\/\/www.gummi-matech.com\/WP\/?page_id=258"},"modified":"2023-03-15T12:46:27","modified_gmt":"2023-03-15T11:46:27","slug":"maschinenbau","status":"publish","type":"page","link":"http:\/\/www.gummi-matech.com\/?page_id=258","title":{"rendered":"Maschinenbau"},"content":{"rendered":"\n\t<section class=\"section hero\" id=\"section_42410888\">\n\t\t<div class=\"bg section-bg fill bg-fill  bg-loaded\" >\n\n\t\t\t\n\t\t\t\n\t\t\t\n\n\t\t<\/div>\n\n\t\t\n\n\t\t<div class=\"section-content relative\">\n\t\t\t\n\n<div class=\"row row-collapse\"  id=\"row-73073946\">\n\n\n\t<div id=\"col-1528076560\" class=\"col small-12 large-12\"  >\n\t\t\t\t<div class=\"col-inner\"  >\n\t\t\t\n\t\t\t\n\n<div class=\"slider-wrapper relative\" id=\"slider-911558208\" >\n    <div class=\"slider slider-nav-circle slider-nav-large slider-nav-light slider-style-normal\"\n        data-flickity-options='{\n            \"cellAlign\": \"center\",\n            \"imagesLoaded\": true,\n            \"lazyLoad\": 1,\n            \"freeScroll\": false,\n            \"wrapAround\": false,\n            \"autoPlay\": false,\n            \"pauseAutoPlayOnHover\" : true,\n            \"prevNextButtons\": false,\n            \"contain\" : true,\n            \"adaptiveHeight\" : true,\n            \"dragThreshold\" : 10,\n            \"percentPosition\": true,\n            \"pageDots\": false,\n            \"rightToLeft\": false,\n            \"draggable\": false,\n            \"selectedAttraction\": 0.1,\n            \"parallax\" : 0,\n            \"friction\": 0.6        }'\n        >\n        \n\n\t<div class=\"img has-hover x md-x lg-x y md-y lg-y\" id=\"image_1053403894\">\n\t\t\t\t\t\t\t\t<div class=\"img-inner image-cover dark\" style=\"padding-top:455px;\">\n\t\t\t<img loading=\"lazy\" decoding=\"async\" width=\"1020\" height=\"488\" src=\"http:\/\/www.gummi-matech.com\/wp-content\/uploads\/2020\/05\/1062@2x-1024x490.jpg\" class=\"attachment-large size-large\" alt=\"\" srcset=\"http:\/\/www.gummi-matech.com\/wp-content\/uploads\/2020\/05\/1062@2x-1024x490.jpg 1024w, http:\/\/www.gummi-matech.com\/wp-content\/uploads\/2020\/05\/1062@2x-300x143.jpg 300w, http:\/\/www.gummi-matech.com\/wp-content\/uploads\/2020\/05\/1062@2x-768x367.jpg 768w, http:\/\/www.gummi-matech.com\/wp-content\/uploads\/2020\/05\/1062@2x-1536x734.jpg 1536w, http:\/\/www.gummi-matech.com\/wp-content\/uploads\/2020\/05\/1062@2x.jpg 1920w\" sizes=\"auto, (max-width: 1020px) 100vw, 1020px\" \/>\t\t\t\t\t\t\n\t\t\t\t\t<\/div>\n\t\t\t\t\t\t\t\t\n<style>\n#image_1053403894 {\n  width: 100%;\n}\n<\/style>\n\t<\/div>\n\t\n\n\n     <\/div>\n\n     <div class=\"loading-spin dark large centered\"><\/div>\n\n     \t<\/div>\n\n\n\n\t\t<\/div>\n\t\t\t\t\t<\/div>\n\n\t\n\n<\/div>\n\n\t\t<\/div>\n\n\t\t\n<style>\n#section_42410888 {\n  padding-top: 0px;\n  padding-bottom: 0px;\n}\n#section_42410888 .ux-shape-divider--top svg {\n  height: 150px;\n  --divider-top-width: 100%;\n}\n#section_42410888 .ux-shape-divider--bottom svg {\n  height: 150px;\n  --divider-width: 100%;\n}\n<\/style>\n\t<\/section>\n\t\n\t<section class=\"section main hover\" id=\"section_1115320582\">\n\t\t<div class=\"bg section-bg fill bg-fill  bg-loaded\" >\n\n\t\t\t\n\t\t\t\n\t\t\t\n\n\t\t<\/div>\n\n\t\t\n\n\t\t<div class=\"section-content relative\">\n\t\t\t\n\n<div class=\"row row-collapse\"  id=\"row-982344278\">\n\n\n\t<div id=\"col-1002712187\" class=\"col list1 small-12 large-12\"  >\n\t\t\t\t<div class=\"col-inner\"  >\n\t\t\t\n\t\t\t\n\n<h1>Maschinenbau<\/h1>\n<p>Durch den st\u00e4ndigen europaweiten Einsatz in internationalen Unternehmen der Gummi- und Reifenindustrie, sind auch Eigenkonstruktionen von Ausr\u00fcstungen entstanden, die wir Ihnen als Neumaschinen, gefertigt nach Ihrem speziellen Einsatz- und Verwendungszweck, anbieten k\u00f6nnen.<\/p>\n<p>\u00a0<\/p>\n<h2><img loading=\"lazy\" decoding=\"async\" class=\"alignleft size-full wp-image-304\" style=\"margin: 5px 10px 0 0;\" src=\"http:\/\/www.gummi-matech.com\/wp-content\/uploads\/2020\/05\/614.png\" alt=\"\" width=\"12\" height=\"23\" \/>K\u00fchlanlagen:<\/h2>\n<ul>\n<li>Trommelk\u00fchlanlagen<\/li>\n<li>Cantilever-Anlagen<\/li>\n<li>Batch-Off-Anlagen (Tunnelkette)<\/li>\n<li>Wasserbad<\/li>\n<li>Sonderl\u00f6sungen, f\u00fcr z.B. Streifenableger, Tauchtanks<\/li>\n<\/ul>\n\n\t\t<\/div>\n\t\t\t\t\t<\/div>\n\n\t\n\n\t<div id=\"col-1391554465\" class=\"col small-12 large-12\"  >\n\t\t\t\t<div class=\"col-inner\"  >\n\t\t\t\n\t\t\t\n\n<div class=\"row\"  id=\"row-1329788903\">\n\n\n\t<div id=\"col-970900619\" class=\"col medium-3 small-6 large-3\"  >\n\t\t\t\t<div class=\"col-inner\"  >\n\t\t\t\n\t\t\t\n\n\t<div class=\"box has-hover   has-hover box-text-bottom\" >\n\n\t\t<div class=\"box-image\" >\n\t\t\t\t\t\t<div class=\"\" >\n\t\t\t\t<img loading=\"lazy\" decoding=\"async\" width=\"284\" height=\"370\" src=\"http:\/\/www.gummi-matech.com\/wp-content\/uploads\/2020\/05\/1071@2x.png\" class=\"attachment- size-\" alt=\"\" srcset=\"http:\/\/www.gummi-matech.com\/wp-content\/uploads\/2020\/05\/1071@2x.png 284w, http:\/\/www.gummi-matech.com\/wp-content\/uploads\/2020\/05\/1071@2x-230x300.png 230w\" sizes=\"auto, (max-width: 284px) 100vw, 284px\" \/>\t\t\t\t\t\t\t\t\t\t\t<\/div>\n\t\t\t\t\t<\/div>\n\n\t\t<div class=\"box-text text-left\" >\n\t\t\t<div class=\"box-text-inner\">\n\t\t\t\t\n\n<p>Streifenk\u00fchlanlage, Fabr. MaTech, mit Ableger<\/p>\n\n\t\t\t<\/div>\n\t\t<\/div>\n\t<\/div>\n\t\n\n\t\t<\/div>\n\t\t\t\t\t<\/div>\n\n\t\n\n\t<div id=\"col-674428898\" class=\"col medium-3 small-6 large-3\"  >\n\t\t\t\t<div class=\"col-inner\"  >\n\t\t\t\n\t\t\t\n\n\t<div class=\"box has-hover   has-hover box-text-bottom\" >\n\n\t\t<div class=\"box-image\" >\n\t\t\t\t\t\t<div class=\"\" >\n\t\t\t\t<img loading=\"lazy\" decoding=\"async\" width=\"142\" height=\"184\" src=\"http:\/\/www.gummi-matech.com\/wp-content\/uploads\/2020\/05\/576.png\" class=\"attachment- size-\" alt=\"\" \/>\t\t\t\t\t\t\t\t\t\t\t<\/div>\n\t\t\t\t\t<\/div>\n\n\t\t<div class=\"box-text text-left\" >\n\t\t\t<div class=\"box-text-inner\">\n\t\t\t\t\n\n<p>Trommelk\u00fchlanlage<\/p>\n\n\t\t\t<\/div>\n\t\t<\/div>\n\t<\/div>\n\t\n\n\t\t<\/div>\n\t\t\t\t\t<\/div>\n\n\t\n\n\t<div id=\"col-1798962625\" class=\"col medium-3 small-6 large-3\"  >\n\t\t\t\t<div class=\"col-inner\"  >\n\t\t\t\n\t\t\t\n\n\t<div class=\"box has-hover   has-hover box-text-bottom\" >\n\n\t\t<div class=\"box-image\" >\n\t\t\t\t\t\t<div class=\"\" >\n\t\t\t\t<img loading=\"lazy\" decoding=\"async\" width=\"282\" height=\"368\" src=\"http:\/\/www.gummi-matech.com\/wp-content\/uploads\/2020\/05\/1070@2x.png\" class=\"attachment- size-\" alt=\"\" srcset=\"http:\/\/www.gummi-matech.com\/wp-content\/uploads\/2020\/05\/1070@2x.png 282w, http:\/\/www.gummi-matech.com\/wp-content\/uploads\/2020\/05\/1070@2x-230x300.png 230w\" sizes=\"auto, (max-width: 282px) 100vw, 282px\" \/>\t\t\t\t\t\t\t\t\t\t\t<\/div>\n\t\t\t\t\t<\/div>\n\n\t\t<div class=\"box-text text-left\" >\n\t\t\t<div class=\"box-text-inner\">\n\t\t\t\t\n\n<p>Einlaufteil + K\u00fchlanlage<\/p>\n\n\t\t\t<\/div>\n\t\t<\/div>\n\t<\/div>\n\t\n\n\t\t<\/div>\n\t\t\t\t\t<\/div>\n\n\t\n\n\t<div id=\"col-300098395\" class=\"col medium-3 small-6 large-3\"  >\n\t\t\t\t<div class=\"col-inner\"  >\n\t\t\t\n\t\t\t\n\n\t<div class=\"box has-hover   has-hover box-text-bottom\" >\n\n\t\t<div class=\"box-image\" >\n\t\t\t\t\t\t<div class=\"\" >\n\t\t\t\t<img loading=\"lazy\" decoding=\"async\" width=\"282\" height=\"368\" src=\"http:\/\/www.gummi-matech.com\/wp-content\/uploads\/2020\/05\/1116@2x.png\" class=\"attachment- size-\" alt=\"\" srcset=\"http:\/\/www.gummi-matech.com\/wp-content\/uploads\/2020\/05\/1116@2x.png 282w, http:\/\/www.gummi-matech.com\/wp-content\/uploads\/2020\/05\/1116@2x-230x300.png 230w\" sizes=\"auto, (max-width: 282px) 100vw, 282px\" \/>\t\t\t\t\t\t\t\t\t\t\t<\/div>\n\t\t\t\t\t<\/div>\n\n\t\t<div class=\"box-text text-left\" >\n\t\t\t<div class=\"box-text-inner\">\n\t\t\t\t\n\n<p>Ablegeeinheit f\u00fcr Streifen<\/p>\n\n\t\t\t<\/div>\n\t\t<\/div>\n\t<\/div>\n\t\n\n\t\t<\/div>\n\t\t\t\t\t<\/div>\n\n\t\n\n<\/div>\n\n\t\t<\/div>\n\t\t\t\t\n<style>\n#col-1391554465 > .col-inner {\n  padding: 0px 50px 0px 50px;\n}\n<\/style>\n\t<\/div>\n\n\t\n\n<\/div>\n<div class=\"row row-collapse\"  id=\"row-1817989390\">\n\n\n\t<div id=\"col-244649340\" class=\"col list1 small-12 large-12\"  >\n\t\t\t\t<div class=\"col-inner\"  >\n\t\t\t\n\t\t\t\n\n<div class=\"row row-collapse\"  id=\"row-1208522207\">\n\n\n\t<div id=\"col-859891630\" class=\"col small-12 large-12\"  >\n\t\t\t\t<div class=\"col-inner\"  >\n\t\t\t\n\t\t\t\n\n<h2><img loading=\"lazy\" decoding=\"async\" class=\"alignleft size-full wp-image-304\" style=\"margin: 5px 10px 0 0;\" src=\"http:\/\/www.gummi-matech.com\/wp-content\/uploads\/2020\/05\/614.png\" alt=\"\" width=\"12\" height=\"23\" \/>Kautschukspalter:<\/h2>\n\n\t\t<\/div>\n\t\t\t\t\t<\/div>\n\n\t\n\n<\/div>\n\n\t\t<\/div>\n\t\t\t\t\t<\/div>\n\n\t\n\n\t<div id=\"col-1152672578\" class=\"col list1 small-12 large-12\"  >\n\t\t\t\t<div class=\"col-inner\"  >\n\t\t\t\n\t\t\t\n\n<div class=\"row\"  id=\"row-944853792\">\n\n\n\t<div id=\"col-903049813\" class=\"col medium-6 small-12 large-6\"  >\n\t\t\t\t<div class=\"col-inner\"  >\n\t\t\t\n\t\t\t\n\n<p><strong>Technische Daten:<\/strong><em><strong><br \/>Abmessungen<\/strong><\/em><\/p>\n<ul>\n<li>H\u00f6he: 900 mm Tisch, 2.300 mm Gesamth\u00f6he<\/li>\n<li>Breite: 1.000 mm<\/li>\n<li>Tiefe: 800 mm, 1.300 mm mit Schutzgitter<\/li>\n<li>Schnittkraft: 11.000 kg<\/li>\n<li>Schneidh\u00f6he: 300 mm<\/li>\n<li>Messerbreite: 600 mm<\/li>\n<\/ul>\n\n\t\t<\/div>\n\t\t\t\t\t<\/div>\n\n\t\n\n\t<div id=\"col-896450929\" class=\"col medium-6 small-12 large-6\"  >\n\t\t\t\t<div class=\"col-inner\"  >\n\t\t\t\n\t\t\t\n\n<p><strong><br \/>Hydraulikanlage<\/strong><br \/>Motorleistung: 5,5 kW<br \/>Betriebsdruck: 150 bar<br \/>Hydraulikzylinder (doppelwirkend): \u00d8100\/ \u00d870 x 350 mm<br \/>Beh\u00e4lter: 60 Liter<br \/>Optional: Transportl\u00f6sungen (B\u00e4nder, Rollenbahn), Regale etc.<br \/>\u00a0<\/p>\n\n\t\t<\/div>\n\t\t\t\t\t<\/div>\n\n\t\n\n<\/div>\n\n\t\t<\/div>\n\t\t\t\t\t<\/div>\n\n\t\n\n\t<div id=\"col-223933348\" class=\"col small-12 large-12\"  >\n\t\t\t\t<div class=\"col-inner\"  >\n\t\t\t\n\t\t\t\n\n<div class=\"row\"  id=\"row-502403986\">\n\n\n\t<div id=\"col-2130313515\" class=\"col medium-3 small-6 large-3\"  >\n\t\t\t\t<div class=\"col-inner\"  >\n\t\t\t\n\t\t\t\n\n\t<div class=\"box has-hover   has-hover box-text-bottom\" >\n\n\t\t<div class=\"box-image\" >\n\t\t\t\t\t\t<div class=\"\" >\n\t\t\t\t<img loading=\"lazy\" decoding=\"async\" width=\"284\" height=\"370\" src=\"http:\/\/www.gummi-matech.com\/wp-content\/uploads\/2020\/05\/595@2x.png\" class=\"attachment- size-\" alt=\"\" srcset=\"http:\/\/www.gummi-matech.com\/wp-content\/uploads\/2020\/05\/595@2x.png 284w, http:\/\/www.gummi-matech.com\/wp-content\/uploads\/2020\/05\/595@2x-230x300.png 230w\" sizes=\"auto, (max-width: 284px) 100vw, 284px\" \/>\t\t\t\t\t\t\t\t\t\t\t<\/div>\n\t\t\t\t\t<\/div>\n\n\t\t<div class=\"box-text text-left\" >\n\t\t\t<div class=\"box-text-inner\">\n\t\t\t\t\n\n<p>Kautschukspalter zum <br \/>Spalten\/Schneiden\/Zerkleinern von Kautschukballen<\/p>\n\n\t\t\t<\/div>\n\t\t<\/div>\n\t<\/div>\n\t\n\n\t\t<\/div>\n\t\t\t\t\t<\/div>\n\n\t\n\n\t<div id=\"col-1703554103\" class=\"col medium-3 small-6 large-3\"  >\n\t\t\t\t<div class=\"col-inner\"  >\n\t\t\t\n\t\t\t\n\n\t<div class=\"box has-hover   has-hover box-text-bottom\" >\n\n\t\t<div class=\"box-image\" >\n\t\t\t\t\t\t<div class=\"\" >\n\t\t\t\t<img loading=\"lazy\" decoding=\"async\" width=\"141\" height=\"184\" src=\"http:\/\/www.gummi-matech.com\/wp-content\/uploads\/2020\/05\/1117.png\" class=\"attachment- size-\" alt=\"\" \/>\t\t\t\t\t\t\t\t\t\t\t<\/div>\n\t\t\t\t\t<\/div>\n\n\t\t<div class=\"box-text text-left\" >\n\t\t\t<div class=\"box-text-inner\">\n\t\t\t\t\n\n\n\t\t\t<\/div>\n\t\t<\/div>\n\t<\/div>\n\t\n\n\t\t<\/div>\n\t\t\t\t\t<\/div>\n\n\t\n\n\t<div id=\"col-1149780140\" class=\"col medium-3 small-6 large-3\"  >\n\t\t\t\t<div class=\"col-inner\"  >\n\t\t\t\n\t\t\t\n\n\n\t\t<\/div>\n\t\t\t\t\t<\/div>\n\n\t\n\n\t<div id=\"col-317392318\" class=\"col medium-3 small-6 large-3\"  >\n\t\t\t\t<div class=\"col-inner\"  >\n\t\t\t\n\t\t\t\n\n\n\t\t<\/div>\n\t\t\t\t\t<\/div>\n\n\t\n\n<\/div>\n\n\t\t<\/div>\n\t\t\t\t\n<style>\n#col-223933348 > .col-inner {\n  padding: 0px 50px 0px 50px;\n}\n<\/style>\n\t<\/div>\n\n\t\n\n<\/div>\n<div class=\"row row-collapse\"  id=\"row-1443862533\">\n\n\n\t<div id=\"col-450672646\" class=\"col list1 small-12 large-12\"  >\n\t\t\t\t<div class=\"col-inner\"  >\n\t\t\t\n\t\t\t\n\n<div class=\"row row-collapse\"  id=\"row-1328316827\">\n\n\n\t<div id=\"col-1536184349\" class=\"col small-12 large-12\"  >\n\t\t\t\t<div class=\"col-inner\"  >\n\t\t\t\n\t\t\t\n\n<h2><img loading=\"lazy\" decoding=\"async\" class=\"alignleft size-full wp-image-304\" style=\"margin: 5px 10px 0 0;\" src=\"http:\/\/www.gummi-matech.com\/wp-content\/uploads\/2020\/05\/614.png\" alt=\"\" width=\"12\" height=\"23\" \/>Fellfeeder:<\/h2>\n\n\t\t<\/div>\n\t\t\t\t\t<\/div>\n\n\t\n\n<\/div>\n\n\t\t<\/div>\n\t\t\t\t\t<\/div>\n\n\t\n\n\t<div id=\"col-219930425\" class=\"col list1 small-12 large-12\"  >\n\t\t\t\t<div class=\"col-inner\"  >\n\t\t\t\n\t\t\t\n\n<div class=\"row\"  id=\"row-2028741705\">\n\n\n\t<div id=\"col-1134533465\" class=\"col medium-6 small-12 large-6\"  >\n\t\t\t\t<div class=\"col-inner\"  >\n\t\t\t\n\t\t\t\n\n<p><strong>Technische Daten:<\/strong><br \/><strong>+Sonderausf\u00fchrungen z.B. L\u00e4ndergr\u00f6\u00dfen auf Anfrage<\/strong><\/p>\n<ul>\n<li>Typ GF 900<\/li>\n<li>Fellbreite (max.) 900 mm<\/li>\n<li>Felldicke (max.) 24 mm, kurzzeitig bis 30 mm<\/li>\n<li>Schnittzahl: 60 1\/min<\/li>\n<li>Bandgeschwindigkeit: 0&#8230;30 m\/min<\/li>\n<li>Betriebsdruck 6 bar<br \/>Optional: Bandwaage; Schnittstelle zur <br \/>Prozesssteuerung f\u00fcr Grob-\/Feindosierung<\/li>\n<\/ul>\n\n\t\t<\/div>\n\t\t\t\t\t<\/div>\n\n\t\n\n\t<div id=\"col-708254076\" class=\"col medium-6 small-12 large-6\"  >\n\t\t\t\t<div class=\"col-inner\"  >\n\t\t\t\n\t\t\t\n\n<p><strong>Anwendungsgebiete:<\/strong><br \/>Automatisierung beim Aufgeben von Mischungsfellen<\/p>\n<p><strong>Vorw\u00e4rmwalzwerke<\/strong><\/p>\n<ul>\n<li>Kontinuierliche Aufgabe der Felle von der Palette auf das Walzwerk, bei gleichzeitiger Zerkleinerung und Dosierung der Materialmenge<\/li>\n<\/ul>\n<p><strong>Innenmischer<\/strong><\/p>\n<ul>\n<li>Einsatz in der Regel in Kombination mit der Bandwaage<\/li>\n<li>Vorzerkleinerung der Grundmischung mit automatischer Dosierung auf die Bandwaage<\/li>\n<\/ul>\n\n\t\t<\/div>\n\t\t\t\t\t<\/div>\n\n\t\n\n<\/div>\n\n\t\t<\/div>\n\t\t\t\t\t<\/div>\n\n\t\n\n\t<div id=\"col-956553991\" class=\"col small-12 large-12\"  >\n\t\t\t\t<div class=\"col-inner\"  >\n\t\t\t\n\t\t\t\n\n<div class=\"row\"  id=\"row-968425798\">\n\n\n\t<div id=\"col-370089698\" class=\"col medium-3 small-6 large-3\"  >\n\t\t\t\t<div class=\"col-inner\"  >\n\t\t\t\n\t\t\t\n\n\t<div class=\"box has-hover   has-hover box-text-bottom\" >\n\n\t\t<div class=\"box-image\" >\n\t\t\t\t\t\t<div class=\"\" >\n\t\t\t\t<img loading=\"lazy\" decoding=\"async\" width=\"284\" height=\"370\" src=\"http:\/\/www.gummi-matech.com\/wp-content\/uploads\/2020\/05\/817@2x.png\" class=\"attachment- size-\" alt=\"\" srcset=\"http:\/\/www.gummi-matech.com\/wp-content\/uploads\/2020\/05\/817@2x.png 284w, http:\/\/www.gummi-matech.com\/wp-content\/uploads\/2020\/05\/817@2x-230x300.png 230w\" sizes=\"auto, (max-width: 284px) 100vw, 284px\" \/>\t\t\t\t\t\t\t\t\t\t\t<\/div>\n\t\t\t\t\t<\/div>\n\n\t\t<div class=\"box-text text-left\" >\n\t\t\t<div class=\"box-text-inner\">\n\t\t\t\t\n\n<p>Automatischer Fellfeeder zum Zerkleinern von Grundmischungsfellen, z.B. zur Beschickung von Bandwaagen<\/p>\n\n\t\t\t<\/div>\n\t\t<\/div>\n\t<\/div>\n\t\n\n\t\t<\/div>\n\t\t\t\t\t<\/div>\n\n\t\n\n\t<div id=\"col-242307708\" class=\"col medium-3 small-6 large-3\"  >\n\t\t\t\t<div class=\"col-inner\"  >\n\t\t\t\n\t\t\t\n\n\t<div class=\"box has-hover   has-hover box-text-bottom\" >\n\n\t\t<div class=\"box-image\" >\n\t\t\t\t\t\t<div class=\"\" >\n\t\t\t\t<img loading=\"lazy\" decoding=\"async\" width=\"141\" height=\"184\" src=\"http:\/\/www.gummi-matech.com\/wp-content\/uploads\/2020\/05\/813.png\" class=\"attachment- size-\" alt=\"\" \/>\t\t\t\t\t\t\t\t\t\t\t<\/div>\n\t\t\t\t\t<\/div>\n\n\t\t<div class=\"box-text text-left\" >\n\t\t\t<div class=\"box-text-inner\">\n\t\t\t\t\n\n\n\t\t\t<\/div>\n\t\t<\/div>\n\t<\/div>\n\t\n\n\t\t<\/div>\n\t\t\t\t\t<\/div>\n\n\t\n\n\t<div id=\"col-386459461\" class=\"col medium-3 small-6 large-3\"  >\n\t\t\t\t<div class=\"col-inner\"  >\n\t\t\t\n\t\t\t\n\n\t<div class=\"box has-hover   has-hover box-text-bottom\" >\n\n\t\t<div class=\"box-image\" >\n\t\t\t\t\t\t<div class=\"\" >\n\t\t\t\t<img loading=\"lazy\" decoding=\"async\" width=\"142\" height=\"184\" src=\"http:\/\/www.gummi-matech.com\/wp-content\/uploads\/2020\/05\/815.png\" class=\"attachment- size-\" alt=\"\" \/>\t\t\t\t\t\t\t\t\t\t\t<\/div>\n\t\t\t\t\t<\/div>\n\n\t\t<div class=\"box-text text-left\" >\n\t\t\t<div class=\"box-text-inner\">\n\t\t\t\t\n\n\n\t\t\t<\/div>\n\t\t<\/div>\n\t<\/div>\n\t\n\n\t\t<\/div>\n\t\t\t\t\t<\/div>\n\n\t\n\n\t<div id=\"col-1134086385\" class=\"col medium-3 small-6 large-3\"  >\n\t\t\t\t<div class=\"col-inner\"  >\n\t\t\t\n\t\t\t\n\n\t<div class=\"box has-hover   has-hover box-text-bottom\" >\n\n\t\t<div class=\"box-image\" >\n\t\t\t\t\t\t<div class=\"\" >\n\t\t\t\t<img loading=\"lazy\" decoding=\"async\" width=\"141\" height=\"184\" src=\"http:\/\/www.gummi-matech.com\/wp-content\/uploads\/2020\/05\/1119.png\" class=\"attachment- size-\" alt=\"\" \/>\t\t\t\t\t\t\t\t\t\t\t<\/div>\n\t\t\t\t\t<\/div>\n\n\t\t<div class=\"box-text text-left\" >\n\t\t\t<div class=\"box-text-inner\">\n\t\t\t\t\n\n\n\t\t\t<\/div>\n\t\t<\/div>\n\t<\/div>\n\t\n\n\t\t<\/div>\n\t\t\t\t\t<\/div>\n\n\t\n\n<\/div>\n\n\t\t<\/div>\n\t\t\t\t\n<style>\n#col-956553991 > .col-inner {\n  padding: 0px 50px 0px 50px;\n}\n<\/style>\n\t<\/div>\n\n\t\n\n<\/div>\n<div class=\"row row-collapse\"  id=\"row-880974380\">\n\n\n\t<div id=\"col-1909219593\" class=\"col list1 small-12 large-12\"  >\n\t\t\t\t<div class=\"col-inner\"  >\n\t\t\t\n\t\t\t\n\n<div class=\"row row-collapse\"  id=\"row-337864836\">\n\n\n\t<div id=\"col-232667570\" class=\"col small-12 large-12\"  >\n\t\t\t\t<div class=\"col-inner\"  >\n\t\t\t\n\t\t\t\n\n<h2><img loading=\"lazy\" decoding=\"async\" class=\"alignleft size-full wp-image-304\" style=\"margin: 5px 10px 0 0;\" src=\"http:\/\/www.gummi-matech.com\/wp-content\/uploads\/2020\/05\/614.png\" alt=\"\" width=\"12\" height=\"23\" \/>Walzwerke:<\/h2>\n<ul>\n<li>Spezifikation gem. Kundenvorgabe oder als Standardmaschienen<\/li>\n<\/ul>\n\n\t\t<\/div>\n\t\t\t\t\t<\/div>\n\n\t\n\n<\/div>\n\n\t\t<\/div>\n\t\t\t\t\t<\/div>\n\n\t\n\n\t<div id=\"col-134504047\" class=\"col medium-8 small-12 large-8\"  >\n\t\t\t\t<div class=\"col-inner\"  >\n\t\t\t\n\t\t\t\n\n<div class=\"row\"  id=\"row-105023627\">\n\n\n\t<div id=\"col-566259176\" class=\"col medium-6 small-6 large-6\"  >\n\t\t\t\t<div class=\"col-inner\"  >\n\t\t\t\n\t\t\t\n\n\t<div class=\"box has-hover   has-hover box-text-bottom\" >\n\n\t\t<div class=\"box-image\" >\n\t\t\t\t\t\t<div class=\"\" >\n\t\t\t\t<img loading=\"lazy\" decoding=\"async\" width=\"274\" height=\"163\" src=\"http:\/\/www.gummi-matech.com\/wp-content\/uploads\/2020\/05\/1114.png\" class=\"attachment- size-\" alt=\"\" \/>\t\t\t\t\t\t\t\t\t\t\t<\/div>\n\t\t\t\t\t<\/div>\n\n\t\t<div class=\"box-text text-left\" >\n\t\t\t<div class=\"box-text-inner\">\n\t\t\t\t\n\n<p>Walzwerk 60<\/p>\n\n\t\t\t<\/div>\n\t\t<\/div>\n\t<\/div>\n\t\n\n\t\t<\/div>\n\t\t\t\t\t<\/div>\n\n\t\n\n\t<div id=\"col-870525847\" class=\"col medium-6 small-6 large-6\"  >\n\t\t\t\t<div class=\"col-inner\"  >\n\t\t\t\n\t\t\t\n\n\t<div class=\"box has-hover   has-hover box-text-bottom\" >\n\n\t\t<div class=\"box-image\" >\n\t\t\t\t\t\t<div class=\"\" >\n\t\t\t\t<img loading=\"lazy\" decoding=\"async\" width=\"274\" height=\"163\" src=\"http:\/\/www.gummi-matech.com\/wp-content\/uploads\/2020\/05\/1121.png\" class=\"attachment- size-\" alt=\"\" \/>\t\t\t\t\t\t\t\t\t\t\t<\/div>\n\t\t\t\t\t<\/div>\n\n\t\t<div class=\"box-text text-left\" >\n\t\t\t<div class=\"box-text-inner\">\n\t\t\t\t\n\n<p>Walzwerk 1200<\/p>\n\n\t\t\t<\/div>\n\t\t<\/div>\n\t<\/div>\n\t\n\n\t\t<\/div>\n\t\t\t\t\t<\/div>\n\n\t\n\n<\/div>\n\n\t\t<\/div>\n\t\t\t\t\n<style>\n#col-134504047 > .col-inner {\n  padding: 0px 50px 0px 50px;\n}\n<\/style>\n\t<\/div>\n\n\t\n\n<\/div>\n<div class=\"row row-collapse\"  id=\"row-1246776338\">\n\n\n\t<div id=\"col-718290815\" class=\"col list1 small-12 large-12\"  >\n\t\t\t\t<div class=\"col-inner\"  >\n\t\t\t\n\t\t\t\n\n<div class=\"row row-collapse\"  id=\"row-1403181577\">\n\n\n\t<div id=\"col-1556267427\" class=\"col small-12 large-12\"  >\n\t\t\t\t<div class=\"col-inner\"  >\n\t\t\t\n\t\t\t\n\n<h2><img loading=\"lazy\" decoding=\"async\" class=\"alignleft size-full wp-image-304\" style=\"margin: 5px 10px 0 0;\" src=\"http:\/\/www.gummi-matech.com\/\/wp-content\/uploads\/2020\/05\/614.png\" alt=\"\" width=\"12\" height=\"23\" \/>Stockblender und Wendeschleifen:<\/h2>\n<ul>\n<li>f\u00fcr alle g\u00e4ngigen Walzwerksgr\u00f6\u00dfen<\/li>\n<\/ul>\n\n\t\t<\/div>\n\t\t\t\t\t<\/div>\n\n\t\n\n<\/div>\n\n\t\t<\/div>\n\t\t\t\t\t<\/div>\n\n\t\n\n\t<div id=\"col-1496940472\" class=\"col medium-8 small-12 large-8\"  >\n\t\t\t\t<div class=\"col-inner\"  >\n\t\t\t\n\t\t\t\n\n<div class=\"row\"  id=\"row-1439710214\">\n\n\n\t<div id=\"col-831521280\" class=\"col medium-6 small-6 large-6\"  >\n\t\t\t\t<div class=\"col-inner\"  >\n\t\t\t\n\t\t\t\n\n\t<div class=\"box has-hover   has-hover box-text-bottom\" >\n\n\t\t<div class=\"box-image\" >\n\t\t\t\t\t\t<div class=\"\" >\n\t\t\t\t<img loading=\"lazy\" decoding=\"async\" width=\"275\" height=\"127\" src=\"http:\/\/www.gummi-matech.com\/wp-content\/uploads\/2020\/05\/1102.png\" class=\"attachment- size-\" alt=\"\" \/>\t\t\t\t\t\t\t\t\t\t\t<\/div>\n\t\t\t\t\t<\/div>\n\n\t\t<div class=\"box-text text-left\" >\n\t\t\t<div class=\"box-text-inner\">\n\t\t\t\t\n\n<p>Stockblender f\u00fcr Walzwerke Materialf\u00fchrungswagen mit hydraulischen Antrieb<\/p>\n\n\t\t\t<\/div>\n\t\t<\/div>\n\t<\/div>\n\t\n\n\t\t<\/div>\n\t\t\t\t\t<\/div>\n\n\t\n\n\t<div id=\"col-1602215075\" class=\"col medium-6 small-6 large-6\"  >\n\t\t\t\t<div class=\"col-inner\"  >\n\t\t\t\n\t\t\t\n\n\n\t\t<\/div>\n\t\t\t\t\t<\/div>\n\n\t\n\n<\/div>\n\n\t\t<\/div>\n\t\t\t\t\n<style>\n#col-1496940472 > .col-inner {\n  padding: 0px 50px 0px 50px;\n}\n<\/style>\n\t<\/div>\n\n\t\n\n<\/div>\n<div class=\"row row-collapse\"  id=\"row-248813280\">\n\n\n\t<div id=\"col-1608191464\" class=\"col list1 small-12 large-12\"  >\n\t\t\t\t<div class=\"col-inner\"  >\n\t\t\t\n\t\t\t\n\n<div class=\"row row-collapse\"  id=\"row-477738012\">\n\n\n\t<div id=\"col-185345969\" class=\"col small-12 large-12\"  >\n\t\t\t\t<div class=\"col-inner\"  >\n\t\t\t\n\t\t\t\n\n<h2><img loading=\"lazy\" decoding=\"async\" class=\"alignleft size-full wp-image-304\" style=\"margin: 5px 10px 0 0;\" src=\"http:\/\/www.gummi-matech.com\/wp-content\/uploads\/2020\/05\/614.png\" alt=\"\" width=\"12\" height=\"23\" \/>F\u00f6rdertechnik und Waagen:<\/h2>\n<ul>\n<li>Bandwaagen, Waagengestelle<\/li>\n<li>Transportb\u00e4nder (Gurt und Kunststoff)<\/li>\n<li>Rollenf\u00f6rder<\/li>\n<li>Hubtische mit\/ohne Waage<\/li>\n<li>Sonderausstattungen, z.B. Metalldetektoren<\/li>\n<li>Mischungsf\u00f6rderanlagen (Skip)<\/li>\n<\/ul>\n\n\t\t<\/div>\n\t\t\t\t\t<\/div>\n\n\t\n\n<\/div>\n\n\t\t<\/div>\n\t\t\t\t\t<\/div>\n\n\t\n\n\t<div id=\"col-344119118\" class=\"col small-12 large-12\"  >\n\t\t\t\t<div class=\"col-inner\"  >\n\t\t\t\n\t\t\t\n\n<div class=\"row\"  id=\"row-506556797\">\n\n\n\t<div id=\"col-1544400502\" class=\"col medium-3 small-6 large-3\"  >\n\t\t\t\t<div class=\"col-inner\"  >\n\t\t\t\n\t\t\t\n\n\t<div class=\"box has-hover   has-hover box-text-bottom\" >\n\n\t\t<div class=\"box-image\" >\n\t\t\t\t\t\t<div class=\"\" >\n\t\t\t\t<img loading=\"lazy\" decoding=\"async\" width=\"141\" height=\"184\" src=\"http:\/\/www.gummi-matech.com\/wp-content\/uploads\/2020\/05\/1268.png\" class=\"attachment- size-\" alt=\"\" \/>\t\t\t\t\t\t\t\t\t\t\t<\/div>\n\t\t\t\t\t<\/div>\n\n\t\t<div class=\"box-text text-left\" >\n\t\t\t<div class=\"box-text-inner\">\n\t\t\t\t\n\n<p>Skip f\u00fcr Mischungstransport<\/p>\n\n\t\t\t<\/div>\n\t\t<\/div>\n\t<\/div>\n\t\n\n\t\t<\/div>\n\t\t\t\t\t<\/div>\n\n\t\n\n\t<div id=\"col-339062293\" class=\"col medium-9 small-6 large-9\"  >\n\t\t\t\t<div class=\"col-inner\"  >\n\t\t\t\n\t\t\t\n\n\n\t\t<\/div>\n\t\t\t\t\t<\/div>\n\n\t\n\n<\/div>\n\n\t\t<\/div>\n\t\t\t\t\n<style>\n#col-344119118 > .col-inner {\n  padding: 0px 50px 0px 50px;\n}\n<\/style>\n\t<\/div>\n\n\t\n\n<\/div>\n\n\t\t<\/div>\n\n\t\t\n<style>\n#section_1115320582 {\n  padding-top: 30px;\n  padding-bottom: 30px;\n}\n#section_1115320582 .ux-shape-divider--top svg {\n  height: 150px;\n  --divider-top-width: 100%;\n}\n#section_1115320582 .ux-shape-divider--bottom svg {\n  height: 150px;\n  --divider-width: 100%;\n}\n<\/style>\n\t<\/section>\n\t\n\n","protected":false},"excerpt":{"rendered":"","protected":false},"author":1,"featured_media":0,"parent":0,"menu_order":0,"comment_status":"closed","ping_status":"closed","template":"","meta":{"footnotes":""},"class_list":["post-258","page","type-page","status-publish","hentry"],"_links":{"self":[{"href":"http:\/\/www.gummi-matech.com\/index.php?rest_route=\/wp\/v2\/pages\/258","targetHints":{"allow":["GET"]}}],"collection":[{"href":"http:\/\/www.gummi-matech.com\/index.php?rest_route=\/wp\/v2\/pages"}],"about":[{"href":"http:\/\/www.gummi-matech.com\/index.php?rest_route=\/wp\/v2\/types\/page"}],"author":[{"embeddable":true,"href":"http:\/\/www.gummi-matech.com\/index.php?rest_route=\/wp\/v2\/users\/1"}],"replies":[{"embeddable":true,"href":"http:\/\/www.gummi-matech.com\/index.php?rest_route=%2Fwp%2Fv2%2Fcomments&post=258"}],"version-history":[{"count":30,"href":"http:\/\/www.gummi-matech.com\/index.php?rest_route=\/wp\/v2\/pages\/258\/revisions"}],"predecessor-version":[{"id":411,"href":"http:\/\/www.gummi-matech.com\/index.php?rest_route=\/wp\/v2\/pages\/258\/revisions\/411"}],"wp:attachment":[{"href":"http:\/\/www.gummi-matech.com\/index.php?rest_route=%2Fwp%2Fv2%2Fmedia&parent=258"}],"curies":[{"name":"wp","href":"https:\/\/api.w.org\/{rel}","templated":true}]}}