{"id":256,"date":"2020-05-17T09:42:35","date_gmt":"2020-05-17T07:42:35","guid":{"rendered":"http:\/\/www.gummi-matech.com\/WP\/?page_id=256"},"modified":"2023-03-15T12:49:39","modified_gmt":"2023-03-15T11:49:39","slug":"ueber-uns","status":"publish","type":"page","link":"http:\/\/www.gummi-matech.com\/?page_id=256","title":{"rendered":"\u00dcber uns"},"content":{"rendered":"\n\t<section class=\"section hero\" id=\"section_19912702\">\n\t\t<div class=\"bg section-bg fill bg-fill  bg-loaded\" >\n\n\t\t\t\n\t\t\t\n\t\t\t\n\n\t\t<\/div>\n\n\t\t\n\n\t\t<div class=\"section-content relative\">\n\t\t\t\n\n<div class=\"row row-collapse\"  id=\"row-2090908007\">\n\n\n\t<div id=\"col-1703132623\" class=\"col small-12 large-12\"  >\n\t\t\t\t<div class=\"col-inner\"  >\n\t\t\t\n\t\t\t\n\n<div class=\"slider-wrapper relative\" id=\"slider-1985815507\" >\n    <div class=\"slider slider-nav-circle slider-nav-large slider-nav-light slider-style-normal\"\n        data-flickity-options='{\n            \"cellAlign\": \"center\",\n            \"imagesLoaded\": true,\n            \"lazyLoad\": 1,\n            \"freeScroll\": false,\n            \"wrapAround\": false,\n            \"autoPlay\": false,\n            \"pauseAutoPlayOnHover\" : true,\n            \"prevNextButtons\": false,\n            \"contain\" : true,\n            \"adaptiveHeight\" : true,\n            \"dragThreshold\" : 10,\n            \"percentPosition\": true,\n            \"pageDots\": false,\n            \"rightToLeft\": false,\n            \"draggable\": false,\n            \"selectedAttraction\": 0.1,\n            \"parallax\" : 0,\n            \"friction\": 0.6        }'\n        >\n        \n\n\t<div class=\"img has-hover x md-x lg-x y md-y lg-y\" id=\"image_1764091408\">\n\t\t\t\t\t\t\t\t<div class=\"img-inner image-cover dark\" style=\"padding-top:455px;\">\n\t\t\t<img loading=\"lazy\" decoding=\"async\" width=\"1020\" height=\"488\" src=\"http:\/\/www.gummi-matech.com\/wp-content\/uploads\/2020\/05\/1126@2x-1024x490.jpg\" class=\"attachment-large size-large\" alt=\"\" srcset=\"http:\/\/www.gummi-matech.com\/wp-content\/uploads\/2020\/05\/1126@2x-1024x490.jpg 1024w, http:\/\/www.gummi-matech.com\/wp-content\/uploads\/2020\/05\/1126@2x-300x143.jpg 300w, http:\/\/www.gummi-matech.com\/wp-content\/uploads\/2020\/05\/1126@2x-768x367.jpg 768w, http:\/\/www.gummi-matech.com\/wp-content\/uploads\/2020\/05\/1126@2x-1536x734.jpg 1536w, http:\/\/www.gummi-matech.com\/wp-content\/uploads\/2020\/05\/1126@2x.jpg 1920w\" sizes=\"auto, (max-width: 1020px) 100vw, 1020px\" \/>\t\t\t\t\t\t\n\t\t\t\t\t<\/div>\n\t\t\t\t\t\t\t\t\n<style>\n#image_1764091408 {\n  width: 100%;\n}\n<\/style>\n\t<\/div>\n\t\n\n\n     <\/div>\n\n     <div class=\"loading-spin dark large centered\"><\/div>\n\n     \t<\/div>\n\n\n\n\t\t<\/div>\n\t\t\t\t\t<\/div>\n\n\t\n\n<\/div>\n\n\t\t<\/div>\n\n\t\t\n<style>\n#section_19912702 {\n  padding-top: 0px;\n  padding-bottom: 0px;\n}\n#section_19912702 .ux-shape-divider--top svg {\n  height: 150px;\n  --divider-top-width: 100%;\n}\n#section_19912702 .ux-shape-divider--bottom svg {\n  height: 150px;\n  --divider-width: 100%;\n}\n<\/style>\n\t<\/section>\n\t\n\t<section class=\"section main hbox\" id=\"section_147322619\">\n\t\t<div class=\"bg section-bg fill bg-fill  bg-loaded\" >\n\n\t\t\t\n\t\t\t\n\t\t\t\n\n\t\t<\/div>\n\n\t\t\n\n\t\t<div class=\"section-content relative\">\n\t\t\t\n\n<div class=\"row row-collapse\"  id=\"row-1046107152\">\n\n\n\t<div id=\"col-345708733\" class=\"col small-12 large-12\"  >\n\t\t\t\t<div class=\"col-inner\"  >\n\t\t\t\n\t\t\t\n\n<h1>\u00dcber uns<\/h1>\n<p>Die Maschinen und Technik GmbH wurde 1990 von Mitarbeitern des ehemaligen Gummiwerk Elbe gegr\u00fcndet und besch\u00e4ftigt sich seitdem intensiv mit Serviceleistungen f\u00fcr die Gummiindustrie. Durch die langj\u00e4hrigen Erfahrungen unserer Mitarbeiter ist es uns m\u00f6glich auch komplexe Aufgabenstellungen entsprechend den Vorstellungen unserer Kunden zu realisieren. Derzeit besch\u00e4ftigen wir 30 engagierte Mitarbeiter, die ihre Erfahrungen im Bereich Maschinen- und Anlagenbau f\u00fcr die Gummiherstellung und Gummiverarbeitung gern unter Beweis stellen.<\/p>\n<p>Im Laufe der Zeit hat sich die MaTech auf die Reparatur, Instandhaltung und Modernisierung der Technik f\u00fcr Mischbetriebe spezialisiert. Schwerpunkte unserer Arbeit sind dabei Walzwerke jeder Gr\u00f6\u00dfe, Kalander sowie Innenmischer. Entsprechend der W\u00fcnsche unserer Kunden modifizieren wir deren vorhandene Maschinen f\u00fcr die Gummiherstellung und -verarbeitung und erg\u00e4nzen diese ggf. durch in eigener Fertigung entstandene Zusatzkomponenten.<\/p>\n<p>Erg\u00e4nzt wird unser Dienstleistungsspektrum durch die Entwicklung und Fertigung von Anlagen und Ausr\u00fcstungen, die wir Ihnen als Neumaschinen, gefertigt nach individuellem Einsatz- und Verwendungszweck, anbieten k\u00f6nnen.<\/p>\n\n\t\t<\/div>\n\t\t\t\t\t<\/div>\n\n\t\n\n\t<div id=\"col-1752367503\" class=\"col medium-4 small-12 large-4\"  >\n\t\t\t\t<div class=\"col-inner\"  >\n\t\t\t\n\t\t\t\n\n<h2><img loading=\"lazy\" decoding=\"async\" style=\"margin:4px 10px 0 0\" class=\"size-full wp-image-304 alignleft\" src=\"http:\/\/www.gummi-matech.com\/wp-content\/uploads\/2020\/05\/614.png\" alt=\"\" width=\"12\" height=\"23\" \/> Unsere Produkte:<\/h2>\n\n\t\t<\/div>\n\t\t\t\t\t<\/div>\n\n\t\n\n\t<div id=\"col-1164398357\" class=\"col list1 medium-8 small-12 large-8\"  >\n\t\t\t\t<div class=\"col-inner\"  >\n\t\t\t\n\t\t\t\n\n<ul>\n<li>K\u00fchlanlagen zum K\u00fchlen von Gummifellen und Streifen<\/li>\n<li>Kautschukspalter zum Spalten\/Schneiden\/Zerkleinern von Kautschukballen<\/li>\n<li>Automatische Fellfeeder zum Schneiden von Vorstufenmischung<\/li>\n<li>Stockblender und Wendeschleifen<\/li>\n<li>F\u00f6rdertechnik und Waagen<\/li>\n<li>Walzwerke verschiedener Gr\u00f6\u00dfen\/Spezifikationen<\/li>\n<\/ul>\n\n\t\t<\/div>\n\t\t\t\t\t<\/div>\n\n\t\n\n\t<div id=\"col-506187918\" class=\"col small-12 large-12\"  >\n\t\t\t\t<div class=\"col-inner\"  >\n\t\t\t\n\t\t\t\n\n<p>Gern laden wir Sie ein, sich auf den n\u00e4chsten Seiten ausf\u00fchrlich \u00fcber unser Leistungsspektrum und unsere Maschinen zu informieren.<\/p>\n\n\t\t<\/div>\n\t\t\t\t\n<style>\n#col-506187918 > .col-inner {\n  padding: 30px 0px 52px 0px;\n}\n<\/style>\n\t<\/div>\n\n\t\n\n<\/div>\n\n\t\t<\/div>\n\n\t\t\n<style>\n#section_147322619 {\n  padding-top: 30px;\n  padding-bottom: 30px;\n}\n#section_147322619 .ux-shape-divider--top svg {\n  height: 150px;\n  --divider-top-width: 100%;\n}\n#section_147322619 .ux-shape-divider--bottom svg {\n  height: 150px;\n  --divider-width: 100%;\n}\n<\/style>\n\t<\/section>\n\t\n\n","protected":false},"excerpt":{"rendered":"","protected":false},"author":1,"featured_media":0,"parent":0,"menu_order":0,"comment_status":"closed","ping_status":"closed","template":"","meta":{"footnotes":""},"class_list":["post-256","page","type-page","status-publish","hentry"],"_links":{"self":[{"href":"http:\/\/www.gummi-matech.com\/index.php?rest_route=\/wp\/v2\/pages\/256","targetHints":{"allow":["GET"]}}],"collection":[{"href":"http:\/\/www.gummi-matech.com\/index.php?rest_route=\/wp\/v2\/pages"}],"about":[{"href":"http:\/\/www.gummi-matech.com\/index.php?rest_route=\/wp\/v2\/types\/page"}],"author":[{"embeddable":true,"href":"http:\/\/www.gummi-matech.com\/index.php?rest_route=\/wp\/v2\/users\/1"}],"replies":[{"embeddable":true,"href":"http:\/\/www.gummi-matech.com\/index.php?rest_route=%2Fwp%2Fv2%2Fcomments&post=256"}],"version-history":[{"count":12,"href":"http:\/\/www.gummi-matech.com\/index.php?rest_route=\/wp\/v2\/pages\/256\/revisions"}],"predecessor-version":[{"id":412,"href":"http:\/\/www.gummi-matech.com\/index.php?rest_route=\/wp\/v2\/pages\/256\/revisions\/412"}],"wp:attachment":[{"href":"http:\/\/www.gummi-matech.com\/index.php?rest_route=%2Fwp%2Fv2%2Fmedia&parent=256"}],"curies":[{"name":"wp","href":"https:\/\/api.w.org\/{rel}","templated":true}]}}